{"id":5356,"date":"2021-11-03T10:04:46","date_gmt":"2021-11-03T09:04:46","guid":{"rendered":"https:\/\/maschod.copunet.com\/impressum\/"},"modified":"2024-05-08T12:11:28","modified_gmt":"2024-05-08T10:11:28","slug":"imprint","status":"publish","type":"page","link":"https:\/\/maschod.com\/en\/imprint\/","title":{"rendered":"Imprint"},"content":{"rendered":"<p>[vc_row][vc_column width=&#8221;1\/6&#8243;][\/vc_column][vc_column width=&#8221;2\/3&#8243;]\r\n\t<div class=\"wprt-spacer clearfix\" data-desktop=\"70\" data-mobi=\"50\" data-smobi=\"50\"><\/div><div class=\"wprt-headings clearfix text-center\"  style=\"\"><h2 class=\"heading clearfix\" style=\"font-weight:700;margin-bottom:3px;\">\r\n\t\tImprint\r\n\t<\/h2><div class=\"sep accent clearfix\" style=\"width:120px;height:3px;\"><\/div><\/div>\r\n\t<div class=\"wprt-spacer clearfix\" data-desktop=\"35\" data-mobi=\"35\" data-smobi=\"35\"><\/div>[vc_row_inner gap=&#8221;35&#8243;][vc_column_inner]<div class=\"wprt-headings clearfix \"  style=\"\"><h3 class=\"heading clearfix\" style=\"\">\r\n\t\tInformation pursuant to sect. 5, 6 DDG\r\n\t<\/h3><div class=\"sep  clearfix\" style=\"width:120px;height:3px;background-color:#931032;\"><\/div><\/div>\r\n\t<div class=\"wprt-spacer clearfix\" data-desktop=\"10\" data-mobi=\"10\" data-smobi=\"10\"><\/div>[vc_column_text]<strong>maschod GmbH<br \/>\n<\/strong>Otto-Hahn-Stra\u00dfe 11b<br \/>\n64739 H\u00f6chst i. Odw.<br \/>\nGermany<\/p>\n<p><strong>Represented by:<br \/>\n<\/strong>Retho Schnellbacher, Gesch\u00e4ftsf\u00fchrer[\/vc_column_text]<div class=\"wprt-headings clearfix \"  style=\"\"><h4 class=\"heading clearfix\" style=\"margin-top:20px;margin-bottom:10px;\">\r\n\t\tContact\r\n\t<\/h4><\/div>[vc_column_text]Phone: +49 6163 9 39 97 0<br \/>\nE-mail: info [at] maschod.de[\/vc_column_text]<div class=\"wprt-headings clearfix \"  style=\"\"><h4 class=\"heading clearfix\" style=\"margin-top:20px;margin-bottom:10px;\">\r\n\t\tVAT ID\r\n\t<\/h4><\/div>[vc_column_text]Sales tax identification number according to Sect. 27 a of the Sales Tax Law: DE111648057[\/vc_column_text][\/vc_column_inner][\/vc_row_inner]\r\n\t<div class=\"wprt-spacer clearfix\" data-desktop=\"35\" data-mobi=\"35\" data-smobi=\"35\"><\/div>[\/vc_column][vc_column width=&#8221;1\/6&#8243;][\/vc_column][\/vc_row][vc_row][vc_column width=&#8221;1\/6&#8243;][\/vc_column][vc_column width=&#8221;2\/3&#8243;]<div class=\"wprt-headings clearfix \"  style=\"\"><h3 class=\"heading clearfix\" style=\"\">\r\n\t\tEU Dispute resolution\r\n\t<\/h3><div class=\"sep  clearfix\" style=\"width:120px;height:3px;background-color:#931032;\"><\/div><\/div>\r\n\t<div class=\"wprt-spacer clearfix\" data-desktop=\"10\" data-mobi=\"10\" data-smobi=\"10\"><\/div>[vc_column_text]The European Commission provides a platform for online dispute resolution (ODR): <a href=\"https:\/\/ec.europa.eu\/consumers\/odr\" target=\"_blank\" rel=\"noopener noreferrer\">https:\/\/ec.europa.eu\/consumers\/odr<\/a>.<br \/>\nOur e-mail address can be found above in the site notice.[\/vc_column_text]\r\n\t<div class=\"wprt-spacer clearfix\" data-desktop=\"35\" data-mobi=\"35\" data-smobi=\"35\"><\/div>[\/vc_column][vc_column width=&#8221;1\/6&#8243;][\/vc_column][\/vc_row][vc_row][vc_column width=&#8221;1\/6&#8243;][\/vc_column][vc_column width=&#8221;2\/3&#8243; offset=&#8221;vc_hidden-sm vc_hidden-xs&#8221;]<div class=\"wprt-headings clearfix \"  style=\"\"><h3 class=\"heading clearfix\" style=\"\">\r\n\t\tDispute resolution proceedings in front of a consumer arbitration board\r\n\t<\/h3><div class=\"sep  clearfix\" style=\"width:120px;height:3px;background-color:#931032;\"><\/div><\/div>\r\n\t<div class=\"wprt-spacer clearfix\" data-desktop=\"10\" data-mobi=\"10\" data-smobi=\"10\"><\/div>[vc_column_text]We are not willing or obliged to participate in dispute resolution proceedings before a consumer arbitration board.[\/vc_column_text][\/vc_column][vc_column width=&#8221;1\/6&#8243;][\/vc_column][\/vc_row][vc_row][vc_column width=&#8221;1\/6&#8243;][\/vc_column][vc_column width=&#8221;2\/3&#8243; offset=&#8221;vc_hidden-lg vc_hidden-md&#8221;]<div class=\"wprt-headings clearfix \"  style=\"\"><h3 class=\"heading clearfix\" style=\"\">\r\n\t\tDispute resolution proceedings in front of a consumer arbitration board\r\n\t<\/h3><div class=\"sep  clearfix\" style=\"width:120px;height:3px;background-color:#931032;\"><\/div><\/div>\r\n\t<div class=\"wprt-spacer clearfix\" data-desktop=\"10\" data-mobi=\"10\" data-smobi=\"10\"><\/div>[vc_column_text]We are not willing or obliged to participate in dispute resolution proceedings before a consumer arbitration board.[\/vc_column_text][\/vc_column][vc_column width=&#8221;1\/6&#8243;][\/vc_column][\/vc_row][vc_row][vc_column width=&#8221;1\/6&#8243;][\/vc_column][vc_column width=&#8221;2\/3&#8243;]<div class=\"wprt-headings clearfix \"  style=\"\"><h4 class=\"heading clearfix\" style=\"margin-top:20px;margin-bottom:10px;\">\r\n\t\tLiability for Contents\r\n\t<\/h4><\/div>[vc_column_text]As service providers, we are liable for own contents of these websites according to Paragraph 7, Sect. 1 German Telemedia Act (TMG). However, according to Paragraphs 8 to 10 German Telemedia Act (TMG), service providers are not obligated to permanently monitor submitted or stored information or to search for evidences that indicate illegal activities.<\/p>\n<p>Legal obligations to removing information or to blocking the use of information remain unchallenged. In this case, liability is only possible at the time of knowledge about a specific violation of law. Illegal contents will be removed immediately at the time we get knowledge of them.[\/vc_column_text][\/vc_column][vc_column width=&#8221;1\/6&#8243;][\/vc_column][\/vc_row][vc_row][vc_column width=&#8221;1\/6&#8243;][\/vc_column][vc_column width=&#8221;2\/3&#8243;]<div class=\"wprt-headings clearfix \"  style=\"\"><h4 class=\"heading clearfix\" style=\"margin-top:20px;margin-bottom:10px;\">\r\n\t\tLiability for Links\r\n\t<\/h4><\/div>[vc_column_text]Our offer includes links to external third-party websites. We have no influence on the contents of those websites, therefore we cannot guarantee for those contents. Providers or administrators of linked websites are always responsible for their own contents.<\/p>\n<p>The linked websites had been checked for possible violations of law at the time of the establishment of the link. Illegal contents were not detected at the time of the linking. A permanent monitoring of the contents of linked websites cannot be imposed without reasonable indications that there has been a violation of law. Illegal links will be removed immediately at the time we get knowledge of them.[\/vc_column_text][\/vc_column][vc_column width=&#8221;1\/6&#8243;][\/vc_column][\/vc_row][vc_row][vc_column width=&#8221;1\/6&#8243;][\/vc_column][vc_column width=&#8221;2\/3&#8243;]<div class=\"wprt-headings clearfix \"  style=\"\"><h4 class=\"heading clearfix\" style=\"margin-top:20px;margin-bottom:10px;\">\r\n\t\tCopyright\r\n\t<\/h4><\/div>[vc_column_text]Contents and compilations published on these websites by the providers are subject to German copyright laws. Reproduction, editing, distribution as well as the use of any kind outside the scope of the copyright law require a written permission of the author or originator. Downloads and copies of these websites are permitted for private use only.<br \/>\nThe commercial use of our contents without permission of the originator is prohibited.<\/p>\n<p>Copyright laws of third parties are respected as long as the contents on these websites do not originate from the provider. Contributions of third parties on this site are indicated as such. However, if you notice any violations of copyright law, please inform us. Such contents will be removed immediately.[\/vc_column_text]\r\n\t<div class=\"wprt-spacer clearfix\" data-desktop=\"70\" data-mobi=\"50\" data-smobi=\"50\"><\/div>[\/vc_column][vc_column width=&#8221;1\/6&#8243;][\/vc_column][\/vc_row]<\/p>\n","protected":false},"excerpt":{"rendered":"<p>[vc_row][vc_column width=&#8221;1\/6&#8243;][\/vc_column][vc_column width=&#8221;2\/3&#8243;][vc_row_inner gap=&#8221;35&#8243;][vc_column_inner][vc_column_text]maschod GmbH Otto-Hahn-Stra\u00dfe 11b 64739 H\u00f6chst i. Odw. Germany Represented by: Retho Schnellbacher, Gesch\u00e4ftsf\u00fchrer[\/vc_column_text][vc_column_text]Phone: +49 6163 9 39 97 0 E-mail: info [at] maschod.de[\/vc_column_text][vc_column_text]Sales tax identification number according to Sect. 27 a of the Sales Tax Law: DE111648057[\/vc_column_text][\/vc_column_inner][\/vc_row_inner][\/vc_column][vc_column width=&#8221;1\/6&#8243;][\/vc_column][\/vc_row][vc_row][vc_column width=&#8221;1\/6&#8243;][\/vc_column][vc_column width=&#8221;2\/3&#8243;][vc_column_text]The European Commission provides a platform for online dispute resolution (ODR): https:\/\/ec.europa.eu\/consumers\/odr. Our e-mail address can be found above in the site notice.[\/vc_column_text][\/vc_column][vc_column width=&#8221;1\/6&#8243;][\/vc_column][\/vc_row][vc_row][vc_column width=&#8221;1\/6&#8243;][\/vc_column][vc_column width=&#8221;2\/3&#8243; offset=&#8221;vc_hidden-sm vc_hidden-xs&#8221;][vc_column_text]We are not willing or obliged to participate in dispute resolution proceedings before a consumer arbitration board.[\/vc_column_text][\/vc_column][vc_column width=&#8221;1\/6&#8243;][\/vc_column][\/vc_row][vc_row][vc_column width=&#8221;1\/6&#8243;][\/vc_column][vc_column width=&#8221;2\/3&#8243; offset=&#8221;vc_hidden-lg vc_hidden-md&#8221;][vc_column_text]We are not willing or obliged to participate in dispute resolution proceedings before a consumer arbitration board.[\/vc_column_text][\/vc_column][vc_column&hellip;<\/p>\n","protected":false},"author":1,"featured_media":0,"parent":0,"menu_order":0,"comment_status":"closed","ping_status":"closed","template":"","meta":{"pgc_sgb_lightbox_settings":"","footnotes":""},"class_list":["post-5356","page","type-page","status-publish","hentry"],"yoast_head":"<!-- This site is optimized with the Yoast SEO plugin v25.8 - https:\/\/yoast.com\/wordpress\/plugins\/seo\/ -->\n<title>Imprint - Maschod GmbH - Balancing service &amp; Balancing weights<\/title>\n<meta name=\"description\" content=\"maschod GmbH is at your side for all questions concerning balancing &amp; balancing weights.\" \/>\n<meta name=\"robots\" content=\"index, follow, max-snippet:-1, max-image-preview:large, max-video-preview:-1\" \/>\n<link rel=\"canonical\" href=\"https:\/\/maschod.com\/en\/imprint\/\" \/>\n<meta property=\"og:locale\" content=\"en_US\" \/>\n<meta property=\"og:type\" content=\"article\" \/>\n<meta property=\"og:title\" content=\"Imprint - Maschod GmbH - Balancing service &amp; Balancing weights\" \/>\n<meta property=\"og:description\" content=\"maschod GmbH is at your side for all questions concerning balancing &amp; balancing weights.\" \/>\n<meta property=\"og:url\" content=\"https:\/\/maschod.com\/en\/imprint\/\" \/>\n<meta property=\"og:site_name\" content=\"Maschod GmbH\" \/>\n<meta property=\"article:modified_time\" content=\"2024-05-08T10:11:28+00:00\" \/>\n<meta name=\"twitter:card\" content=\"summary_large_image\" \/>\n<meta name=\"twitter:label1\" content=\"Est. reading time\" \/>\n\t<meta name=\"twitter:data1\" content=\"4 minutes\" \/>\n<script type=\"application\/ld+json\" class=\"yoast-schema-graph\">{\"@context\":\"https:\/\/schema.org\",\"@graph\":[{\"@type\":\"WebPage\",\"@id\":\"https:\/\/maschod.com\/en\/imprint\/\",\"url\":\"https:\/\/maschod.com\/en\/imprint\/\",\"name\":\"Imprint - Maschod GmbH - Balancing service & Balancing weights\",\"isPartOf\":{\"@id\":\"https:\/\/maschod.com\/#website\"},\"datePublished\":\"2021-11-03T09:04:46+00:00\",\"dateModified\":\"2024-05-08T10:11:28+00:00\",\"description\":\"maschod GmbH is at your side for all questions concerning balancing & balancing weights.\",\"breadcrumb\":{\"@id\":\"https:\/\/maschod.com\/en\/imprint\/#breadcrumb\"},\"inLanguage\":\"en-US\",\"potentialAction\":[{\"@type\":\"ReadAction\",\"target\":[\"https:\/\/maschod.com\/en\/imprint\/\"]}]},{\"@type\":\"BreadcrumbList\",\"@id\":\"https:\/\/maschod.com\/en\/imprint\/#breadcrumb\",\"itemListElement\":[{\"@type\":\"ListItem\",\"position\":1,\"name\":\"Startseite\",\"item\":\"https:\/\/maschod.com\/en\/\"},{\"@type\":\"ListItem\",\"position\":2,\"name\":\"Imprint\"}]},{\"@type\":\"WebSite\",\"@id\":\"https:\/\/maschod.com\/#website\",\"url\":\"https:\/\/maschod.com\/\",\"name\":\"Maschod GmbH\",\"description\":\"\",\"publisher\":{\"@id\":\"https:\/\/maschod.com\/#organization\"},\"potentialAction\":[{\"@type\":\"SearchAction\",\"target\":{\"@type\":\"EntryPoint\",\"urlTemplate\":\"https:\/\/maschod.com\/?s={search_term_string}\"},\"query-input\":{\"@type\":\"PropertyValueSpecification\",\"valueRequired\":true,\"valueName\":\"search_term_string\"}}],\"inLanguage\":\"en-US\"},{\"@type\":\"Organization\",\"@id\":\"https:\/\/maschod.com\/#organization\",\"name\":\"maschod GmbH\",\"url\":\"https:\/\/maschod.com\/\",\"logo\":{\"@type\":\"ImageObject\",\"inLanguage\":\"en-US\",\"@id\":\"https:\/\/maschod.com\/#\/schema\/logo\/image\/\",\"url\":\"https:\/\/maschod.com\/wp-content\/uploads\/2021\/01\/1-Logo_Maschod 2017.png\",\"contentUrl\":\"https:\/\/maschod.com\/wp-content\/uploads\/2021\/01\/1-Logo_Maschod 2017.png\",\"width\":2213,\"height\":1495,\"caption\":\"maschod GmbH\"},\"image\":{\"@id\":\"https:\/\/maschod.com\/#\/schema\/logo\/image\/\"}}]}<\/script>\n<!-- \/ Yoast SEO plugin. -->","yoast_head_json":{"title":"Imprint - Maschod GmbH - Balancing service & Balancing weights","description":"maschod GmbH is at your side for all questions concerning balancing & balancing weights.","robots":{"index":"index","follow":"follow","max-snippet":"max-snippet:-1","max-image-preview":"max-image-preview:large","max-video-preview":"max-video-preview:-1"},"canonical":"https:\/\/maschod.com\/en\/imprint\/","og_locale":"en_US","og_type":"article","og_title":"Imprint - Maschod GmbH - Balancing service & Balancing weights","og_description":"maschod GmbH is at your side for all questions concerning balancing & balancing weights.","og_url":"https:\/\/maschod.com\/en\/imprint\/","og_site_name":"Maschod GmbH","article_modified_time":"2024-05-08T10:11:28+00:00","twitter_card":"summary_large_image","twitter_misc":{"Est. reading time":"4 minutes"},"schema":{"@context":"https:\/\/schema.org","@graph":[{"@type":"WebPage","@id":"https:\/\/maschod.com\/en\/imprint\/","url":"https:\/\/maschod.com\/en\/imprint\/","name":"Imprint - Maschod GmbH - Balancing service & Balancing weights","isPartOf":{"@id":"https:\/\/maschod.com\/#website"},"datePublished":"2021-11-03T09:04:46+00:00","dateModified":"2024-05-08T10:11:28+00:00","description":"maschod GmbH is at your side for all questions concerning balancing & balancing weights.","breadcrumb":{"@id":"https:\/\/maschod.com\/en\/imprint\/#breadcrumb"},"inLanguage":"en-US","potentialAction":[{"@type":"ReadAction","target":["https:\/\/maschod.com\/en\/imprint\/"]}]},{"@type":"BreadcrumbList","@id":"https:\/\/maschod.com\/en\/imprint\/#breadcrumb","itemListElement":[{"@type":"ListItem","position":1,"name":"Startseite","item":"https:\/\/maschod.com\/en\/"},{"@type":"ListItem","position":2,"name":"Imprint"}]},{"@type":"WebSite","@id":"https:\/\/maschod.com\/#website","url":"https:\/\/maschod.com\/","name":"Maschod GmbH","description":"","publisher":{"@id":"https:\/\/maschod.com\/#organization"},"potentialAction":[{"@type":"SearchAction","target":{"@type":"EntryPoint","urlTemplate":"https:\/\/maschod.com\/?s={search_term_string}"},"query-input":{"@type":"PropertyValueSpecification","valueRequired":true,"valueName":"search_term_string"}}],"inLanguage":"en-US"},{"@type":"Organization","@id":"https:\/\/maschod.com\/#organization","name":"maschod GmbH","url":"https:\/\/maschod.com\/","logo":{"@type":"ImageObject","inLanguage":"en-US","@id":"https:\/\/maschod.com\/#\/schema\/logo\/image\/","url":"https:\/\/maschod.com\/wp-content\/uploads\/2021\/01\/1-Logo_Maschod 2017.png","contentUrl":"https:\/\/maschod.com\/wp-content\/uploads\/2021\/01\/1-Logo_Maschod 2017.png","width":2213,"height":1495,"caption":"maschod GmbH"},"image":{"@id":"https:\/\/maschod.com\/#\/schema\/logo\/image\/"}}]}},"_links":{"self":[{"href":"https:\/\/maschod.com\/en\/wp-json\/wp\/v2\/pages\/5356","targetHints":{"allow":["GET"]}}],"collection":[{"href":"https:\/\/maschod.com\/en\/wp-json\/wp\/v2\/pages"}],"about":[{"href":"https:\/\/maschod.com\/en\/wp-json\/wp\/v2\/types\/page"}],"author":[{"embeddable":true,"href":"https:\/\/maschod.com\/en\/wp-json\/wp\/v2\/users\/1"}],"replies":[{"embeddable":true,"href":"https:\/\/maschod.com\/en\/wp-json\/wp\/v2\/comments?post=5356"}],"version-history":[{"count":1,"href":"https:\/\/maschod.com\/en\/wp-json\/wp\/v2\/pages\/5356\/revisions"}],"predecessor-version":[{"id":5829,"href":"https:\/\/maschod.com\/en\/wp-json\/wp\/v2\/pages\/5356\/revisions\/5829"}],"wp:attachment":[{"href":"https:\/\/maschod.com\/en\/wp-json\/wp\/v2\/media?parent=5356"}],"curies":[{"name":"wp","href":"https:\/\/api.w.org\/{rel}","templated":true}]}}